{"id":99,"date":"2020-08-26T16:46:53","date_gmt":"2020-08-26T19:46:53","guid":{"rendered":"http:\/\/ativainternet.com.br\/?page_id=99"},"modified":"2020-09-03T20:33:17","modified_gmt":"2020-09-03T23:33:17","slug":"a-empresa","status":"publish","type":"page","link":"https:\/\/ativainternet.com.br\/novo\/?page_id=99","title":{"rendered":"A Empresa"},"content":{"rendered":"\t\t<div data-elementor-type=\"wp-page\" data-elementor-id=\"99\" class=\"elementor elementor-99\">\n\t\t\t\t\t\t<div class=\"elementor-inner\">\n\t\t\t\t<div class=\"elementor-section-wrap\">\n\t\t\t\t\t\t\t\t\t<section class=\"elementor-section elementor-top-section elementor-element elementor-element-36c93be elementor-section-full_width elementor-section-height-default elementor-section-height-default\" data-id=\"36c93be\" data-element_type=\"section\">\n\t\t\t\t\t\t<div class=\"elementor-container elementor-column-gap-default\">\n\t\t\t\t\t\t\t<div class=\"elementor-row\">\n\t\t\t\t\t<div class=\"elementor-column elementor-col-100 elementor-top-column elementor-element elementor-element-e7d0f3d\" data-id=\"e7d0f3d\" data-element_type=\"column\">\n\t\t\t<div class=\"elementor-column-wrap elementor-element-populated\">\n\t\t\t\t\t\t\t<div class=\"elementor-widget-wrap\">\n\t\t\t\t\t\t<div class=\"elementor-element elementor-element-e31d626 elementor-widget elementor-widget-text-editor\" data-id=\"e31d626\" data-element_type=\"widget\" data-widget_type=\"text-editor.default\">\n\t\t\t\t<div class=\"elementor-widget-container\">\n\t\t\t\t\t\t\t\t<div class=\"elementor-text-editor elementor-clearfix\">\n\t\t\t\t<p><span style=\"font-family: Arial, serif;\"><u><b>ATIVA TELECOM<\/b><\/u><\/span><\/p><p align=\"justify\"><span style=\"font-family: Arial, serif;\">Desde 2002 a <\/span><span style=\"font-family: Arial, serif;\"><i><b>Ativa Telecom<\/b><\/i><\/span><span style=\"font-family: Arial, serif;\"> est\u00e1 no mercado de telecomunica\u00e7\u00f5es e vem evoluindo juntamente com as novas tecnologias. Iniciando no servi\u00e7o discado, passando pelo r\u00e1dio e atualmente na fibra optica.<\/span><\/p><p align=\"justify\"><span style=\"font-family: Arial, serif;\">Com estrutura e equipamentos de ponta para atender a crescente demanda de servi\u00e7os de internet, sempre entregando a melhor solu\u00e7\u00e3o para o cliente com <\/span><span style=\"font-family: Arial, serif;\"><i><b>qualidade, alta disponibilidade e confiabilidade. <\/b><\/i><\/span><\/p><p align=\"justify\"><span style=\"font-family: Arial, serif;\"><u><b>MISS\u00c3O<\/b><\/u><\/span><\/p><p align=\"justify\"><span style=\"font-family: Arial, serif;\">Fornecer Servi\u00e7os de Qualidade e com efici\u00eancia, atendendo a expectativa individual de cada Cliente.<\/span><\/p><p align=\"justify\"><span style=\"font-family: Arial, serif;\"><u><b>VIS\u00c3O<\/b><\/u><\/span><\/p><p align=\"justify\"><span style=\"font-family: Arial, serif;\">Ser uma empresa de referencia no ramo de tecnologia pela excel\u00eancia nos produtos e servi\u00e7os.<\/span><\/p><p align=\"justify\"><span style=\"font-family: Arial, serif;\"><u><b>VALORES<\/b><\/u><\/span><\/p><p align=\"justify\"><span style=\"color: #232323;\"><span style=\"font-family: Arial, serif;\">Valoriza\u00e7\u00e3o do compromisso \u00e9tico com nossos colaboradores e clientes, com respeito e transpar\u00eancia em todas as nossas a\u00e7\u00f5es. Melhoria constante de qualidade pelo aprimoramento t\u00e9cnico da nossa equipe, para oferecer os melhores produtos e servi\u00e7os.<\/span><\/span><\/p>\t\t\t\t\t<\/div>\n\t\t\t\t\t\t<\/div>\n\t\t\t\t<\/div>\n\t\t\t\t\t\t<\/div>\n\t\t\t\t\t<\/div>\n\t\t<\/div>\n\t\t\t\t\t\t\t\t<\/div>\n\t\t\t\t\t<\/div>\n\t\t<\/section>\n\t\t\t\t<section class=\"elementor-section elementor-top-section elementor-element elementor-element-e44aafc elementor-section-full_width elementor-section-height-default elementor-section-height-default\" data-id=\"e44aafc\" data-element_type=\"section\">\n\t\t\t\t\t\t<div class=\"elementor-container elementor-column-gap-narrow\">\n\t\t\t\t\t\t\t<div class=\"elementor-row\">\n\t\t\t\t\t<div class=\"elementor-column elementor-col-33 elementor-top-column elementor-element elementor-element-f677a59\" data-id=\"f677a59\" data-element_type=\"column\">\n\t\t\t<div class=\"elementor-column-wrap elementor-element-populated\">\n\t\t\t\t\t\t\t<div class=\"elementor-widget-wrap\">\n\t\t\t\t\t\t<div class=\"elementor-element elementor-element-7596ee5 elementor-widget elementor-widget-image\" data-id=\"7596ee5\" data-element_type=\"widget\" data-widget_type=\"image.default\">\n\t\t\t\t<div class=\"elementor-widget-container\">\n\t\t\t\t\t\t\t\t<div class=\"elementor-image\">\n\t\t\t\t\t\t\t\t\t\t\t\t\t<a href=\"http:\/\/ativainternet.com.br\/novo\/wp-content\/uploads\/2020\/09\/908eee41-6703-45f8-aa59-66f0fa518aa9.jpg\" data-elementor-open-lightbox=\"yes\" data-elementor-lightbox-title=\"908eee41-6703-45f8-aa59-66f0fa518aa9\" data-e-action-hash=\"#elementor-action%3Aaction%3Dlightbox%26settings%3DeyJpZCI6MTk1LCJ1cmwiOiJodHRwczpcL1wvYXRpdmFpbnRlcm5ldC5jb20uYnJcL25vdm9cL3dwLWNvbnRlbnRcL3VwbG9hZHNcLzIwMjBcLzA5XC85MDhlZWU0MS02NzAzLTQ1ZjgtYWE1OS02NmYwZmE1MThhYTkuanBnIn0%3D\">\n\t\t\t\t\t\t\t<img loading=\"lazy\" decoding=\"async\" width=\"1280\" height=\"853\" src=\"https:\/\/ativainternet.com.br\/novo\/wp-content\/uploads\/2020\/09\/908eee41-6703-45f8-aa59-66f0fa518aa9.jpg\" class=\"attachment-full size-full wp-image-195\" alt=\"\" srcset=\"https:\/\/ativainternet.com.br\/novo\/wp-content\/uploads\/2020\/09\/908eee41-6703-45f8-aa59-66f0fa518aa9.jpg 1280w, https:\/\/ativainternet.com.br\/novo\/wp-content\/uploads\/2020\/09\/908eee41-6703-45f8-aa59-66f0fa518aa9-300x200.jpg 300w, https:\/\/ativainternet.com.br\/novo\/wp-content\/uploads\/2020\/09\/908eee41-6703-45f8-aa59-66f0fa518aa9-1024x682.jpg 1024w, https:\/\/ativainternet.com.br\/novo\/wp-content\/uploads\/2020\/09\/908eee41-6703-45f8-aa59-66f0fa518aa9-768x512.jpg 768w, https:\/\/ativainternet.com.br\/novo\/wp-content\/uploads\/2020\/09\/908eee41-6703-45f8-aa59-66f0fa518aa9-219x146.jpg 219w, https:\/\/ativainternet.com.br\/novo\/wp-content\/uploads\/2020\/09\/908eee41-6703-45f8-aa59-66f0fa518aa9-50x33.jpg 50w, https:\/\/ativainternet.com.br\/novo\/wp-content\/uploads\/2020\/09\/908eee41-6703-45f8-aa59-66f0fa518aa9-113x75.jpg 113w\" sizes=\"auto, (max-width: 1280px) 100vw, 1280px\" \/>\t\t\t\t\t\t\t\t<\/a>\n\t\t\t\t\t\t\t\t\t\t\t\t\t\t<\/div>\n\t\t\t\t\t\t<\/div>\n\t\t\t\t<\/div>\n\t\t\t\t\t\t<\/div>\n\t\t\t\t\t<\/div>\n\t\t<\/div>\n\t\t\t\t<div class=\"elementor-column elementor-col-33 elementor-top-column elementor-element elementor-element-58aac49\" data-id=\"58aac49\" data-element_type=\"column\">\n\t\t\t<div class=\"elementor-column-wrap elementor-element-populated\">\n\t\t\t\t\t\t\t<div class=\"elementor-widget-wrap\">\n\t\t\t\t\t\t<div class=\"elementor-element elementor-element-c018b3c elementor-widget elementor-widget-image\" data-id=\"c018b3c\" data-element_type=\"widget\" data-widget_type=\"image.default\">\n\t\t\t\t<div class=\"elementor-widget-container\">\n\t\t\t\t\t\t\t\t<div class=\"elementor-image\">\n\t\t\t\t\t\t\t\t\t\t\t\t\t<a href=\"http:\/\/ativainternet.com.br\/novo\/wp-content\/uploads\/2020\/09\/5255622f-54a2-4b96-b157-311aa873388c-1.jpg\" data-elementor-open-lightbox=\"yes\" data-elementor-lightbox-title=\"5255622f-54a2-4b96-b157-311aa873388c (1)\" data-e-action-hash=\"#elementor-action%3Aaction%3Dlightbox%26settings%3DeyJpZCI6MTk0LCJ1cmwiOiJodHRwczpcL1wvYXRpdmFpbnRlcm5ldC5jb20uYnJcL25vdm9cL3dwLWNvbnRlbnRcL3VwbG9hZHNcLzIwMjBcLzA5XC81MjU1NjIyZi01NGEyLTRiOTYtYjE1Ny0zMTFhYTg3MzM4OGMtMS5qcGcifQ%3D%3D\">\n\t\t\t\t\t\t\t<img loading=\"lazy\" decoding=\"async\" width=\"1280\" height=\"853\" src=\"https:\/\/ativainternet.com.br\/novo\/wp-content\/uploads\/2020\/09\/5255622f-54a2-4b96-b157-311aa873388c-1.jpg\" class=\"attachment-full size-full wp-image-194\" alt=\"\" srcset=\"https:\/\/ativainternet.com.br\/novo\/wp-content\/uploads\/2020\/09\/5255622f-54a2-4b96-b157-311aa873388c-1.jpg 1280w, https:\/\/ativainternet.com.br\/novo\/wp-content\/uploads\/2020\/09\/5255622f-54a2-4b96-b157-311aa873388c-1-300x200.jpg 300w, https:\/\/ativainternet.com.br\/novo\/wp-content\/uploads\/2020\/09\/5255622f-54a2-4b96-b157-311aa873388c-1-1024x682.jpg 1024w, https:\/\/ativainternet.com.br\/novo\/wp-content\/uploads\/2020\/09\/5255622f-54a2-4b96-b157-311aa873388c-1-768x512.jpg 768w, https:\/\/ativainternet.com.br\/novo\/wp-content\/uploads\/2020\/09\/5255622f-54a2-4b96-b157-311aa873388c-1-219x146.jpg 219w, https:\/\/ativainternet.com.br\/novo\/wp-content\/uploads\/2020\/09\/5255622f-54a2-4b96-b157-311aa873388c-1-50x33.jpg 50w, https:\/\/ativainternet.com.br\/novo\/wp-content\/uploads\/2020\/09\/5255622f-54a2-4b96-b157-311aa873388c-1-113x75.jpg 113w\" sizes=\"auto, (max-width: 1280px) 100vw, 1280px\" \/>\t\t\t\t\t\t\t\t<\/a>\n\t\t\t\t\t\t\t\t\t\t\t\t\t\t<\/div>\n\t\t\t\t\t\t<\/div>\n\t\t\t\t<\/div>\n\t\t\t\t\t\t<\/div>\n\t\t\t\t\t<\/div>\n\t\t<\/div>\n\t\t\t\t<div class=\"elementor-column elementor-col-33 elementor-top-column elementor-element elementor-element-27b7a71\" data-id=\"27b7a71\" data-element_type=\"column\">\n\t\t\t<div class=\"elementor-column-wrap elementor-element-populated\">\n\t\t\t\t\t\t\t<div class=\"elementor-widget-wrap\">\n\t\t\t\t\t\t<div class=\"elementor-element elementor-element-f4f2697 elementor-widget elementor-widget-image\" data-id=\"f4f2697\" data-element_type=\"widget\" data-widget_type=\"image.default\">\n\t\t\t\t<div class=\"elementor-widget-container\">\n\t\t\t\t\t\t\t\t<div class=\"elementor-image\">\n\t\t\t\t\t\t\t\t\t\t\t\t\t<a href=\"http:\/\/ativainternet.com.br\/novo\/wp-content\/uploads\/2020\/09\/e4469f05-2186-4df7-9f37-524804311977.jpg\" data-elementor-open-lightbox=\"yes\" data-elementor-lightbox-title=\"e4469f05-2186-4df7-9f37-524804311977\" data-e-action-hash=\"#elementor-action%3Aaction%3Dlightbox%26settings%3DeyJpZCI6MTkzLCJ1cmwiOiJodHRwczpcL1wvYXRpdmFpbnRlcm5ldC5jb20uYnJcL25vdm9cL3dwLWNvbnRlbnRcL3VwbG9hZHNcLzIwMjBcLzA5XC9lNDQ2OWYwNS0yMTg2LTRkZjctOWYzNy01MjQ4MDQzMTE5NzcuanBnIn0%3D\">\n\t\t\t\t\t\t\t<img loading=\"lazy\" decoding=\"async\" width=\"1280\" height=\"960\" src=\"https:\/\/ativainternet.com.br\/novo\/wp-content\/uploads\/2020\/09\/e4469f05-2186-4df7-9f37-524804311977.jpg\" class=\"attachment-full size-full wp-image-193\" alt=\"\" srcset=\"https:\/\/ativainternet.com.br\/novo\/wp-content\/uploads\/2020\/09\/e4469f05-2186-4df7-9f37-524804311977.jpg 1280w, https:\/\/ativainternet.com.br\/novo\/wp-content\/uploads\/2020\/09\/e4469f05-2186-4df7-9f37-524804311977-300x225.jpg 300w, https:\/\/ativainternet.com.br\/novo\/wp-content\/uploads\/2020\/09\/e4469f05-2186-4df7-9f37-524804311977-1024x768.jpg 1024w, https:\/\/ativainternet.com.br\/novo\/wp-content\/uploads\/2020\/09\/e4469f05-2186-4df7-9f37-524804311977-768x576.jpg 768w, https:\/\/ativainternet.com.br\/novo\/wp-content\/uploads\/2020\/09\/e4469f05-2186-4df7-9f37-524804311977-195x146.jpg 195w, https:\/\/ativainternet.com.br\/novo\/wp-content\/uploads\/2020\/09\/e4469f05-2186-4df7-9f37-524804311977-50x38.jpg 50w, https:\/\/ativainternet.com.br\/novo\/wp-content\/uploads\/2020\/09\/e4469f05-2186-4df7-9f37-524804311977-100x75.jpg 100w\" sizes=\"auto, (max-width: 1280px) 100vw, 1280px\" \/>\t\t\t\t\t\t\t\t<\/a>\n\t\t\t\t\t\t\t\t\t\t\t\t\t\t<\/div>\n\t\t\t\t\t\t<\/div>\n\t\t\t\t<\/div>\n\t\t\t\t\t\t<\/div>\n\t\t\t\t\t<\/div>\n\t\t<\/div>\n\t\t\t\t\t\t\t\t<\/div>\n\t\t\t\t\t<\/div>\n\t\t<\/section>\n\t\t\t\t\t\t\t\t\t<\/div>\n\t\t\t<\/div>\n\t\t\t\t\t<\/div>\n\t\t","protected":false},"excerpt":{"rendered":"<p>ATIVA TELECOM Desde 2002 a Ativa Telecom est\u00e1 no mercado de telecomunica\u00e7\u00f5es e vem evoluindo juntamente com as novas tecnologias. Iniciando no servi\u00e7o discado, passando pelo<span class=\"excerpt-hellip\"> [\u2026]<\/span><\/p>\n","protected":false},"author":2,"featured_media":0,"parent":0,"menu_order":0,"comment_status":"closed","ping_status":"closed","template":"","meta":{"_joinchat":[],"footnotes":""},"class_list":["post-99","page","type-page","status-publish","hentry"],"yoast_head":"<!-- This site is optimized with the Yoast SEO plugin v24.6 - https:\/\/yoast.com\/wordpress\/plugins\/seo\/ -->\n<title>A Empresa - Ativa Internet - Querencia\/MT<\/title>\n<meta name=\"robots\" content=\"index, follow, max-snippet:-1, max-image-preview:large, max-video-preview:-1\" \/>\n<link rel=\"canonical\" href=\"https:\/\/ativainternet.com.br\/novo\/?page_id=99\" \/>\n<meta property=\"og:locale\" content=\"pt_BR\" \/>\n<meta property=\"og:type\" content=\"article\" \/>\n<meta property=\"og:title\" content=\"A Empresa - Ativa Internet - Querencia\/MT\" \/>\n<meta property=\"og:description\" content=\"ATIVA TELECOM Desde 2002 a Ativa Telecom est\u00e1 no mercado de telecomunica\u00e7\u00f5es e vem evoluindo juntamente com as novas tecnologias. Iniciando no servi\u00e7o discado, passando pelo [\u2026]\" \/>\n<meta property=\"og:url\" content=\"https:\/\/ativainternet.com.br\/novo\/?page_id=99\" \/>\n<meta property=\"og:site_name\" content=\"Ativa Internet - Querencia\/MT\" \/>\n<meta property=\"article:modified_time\" content=\"2020-09-03T23:33:17+00:00\" \/>\n<meta property=\"og:image\" content=\"https:\/\/ativainternet.com.br\/deletar.10.09.2020\/wp-content\/uploads\/2020\/09\/908eee41-6703-45f8-aa59-66f0fa518aa9.jpg\" \/>\n<meta name=\"twitter:card\" content=\"summary_large_image\" \/>\n<meta name=\"twitter:label1\" content=\"Est. tempo de leitura\" \/>\n\t<meta name=\"twitter:data1\" content=\"1 minuto\" \/>\n<script type=\"application\/ld+json\" class=\"yoast-schema-graph\">{\"@context\":\"https:\/\/schema.org\",\"@graph\":[{\"@type\":\"WebPage\",\"@id\":\"https:\/\/ativainternet.com.br\/novo\/?page_id=99\",\"url\":\"https:\/\/ativainternet.com.br\/novo\/?page_id=99\",\"name\":\"A Empresa - Ativa Internet - Querencia\/MT\",\"isPartOf\":{\"@id\":\"https:\/\/ativainternet.com.br\/novo\/#website\"},\"primaryImageOfPage\":{\"@id\":\"https:\/\/ativainternet.com.br\/novo\/?page_id=99#primaryimage\"},\"image\":{\"@id\":\"https:\/\/ativainternet.com.br\/novo\/?page_id=99#primaryimage\"},\"thumbnailUrl\":\"https:\/\/ativainternet.com.br\/deletar.10.09.2020\/wp-content\/uploads\/2020\/09\/908eee41-6703-45f8-aa59-66f0fa518aa9.jpg\",\"datePublished\":\"2020-08-26T19:46:53+00:00\",\"dateModified\":\"2020-09-03T23:33:17+00:00\",\"breadcrumb\":{\"@id\":\"https:\/\/ativainternet.com.br\/novo\/?page_id=99#breadcrumb\"},\"inLanguage\":\"pt-BR\",\"potentialAction\":[{\"@type\":\"ReadAction\",\"target\":[\"https:\/\/ativainternet.com.br\/novo\/?page_id=99\"]}]},{\"@type\":\"ImageObject\",\"inLanguage\":\"pt-BR\",\"@id\":\"https:\/\/ativainternet.com.br\/novo\/?page_id=99#primaryimage\",\"url\":\"https:\/\/ativainternet.com.br\/deletar.10.09.2020\/wp-content\/uploads\/2020\/09\/908eee41-6703-45f8-aa59-66f0fa518aa9.jpg\",\"contentUrl\":\"https:\/\/ativainternet.com.br\/deletar.10.09.2020\/wp-content\/uploads\/2020\/09\/908eee41-6703-45f8-aa59-66f0fa518aa9.jpg\"},{\"@type\":\"BreadcrumbList\",\"@id\":\"https:\/\/ativainternet.com.br\/novo\/?page_id=99#breadcrumb\",\"itemListElement\":[{\"@type\":\"ListItem\",\"position\":1,\"name\":\"In\u00edcio\",\"item\":\"https:\/\/ativainternet.com.br\/novo\/\"},{\"@type\":\"ListItem\",\"position\":2,\"name\":\"A Empresa\"}]},{\"@type\":\"WebSite\",\"@id\":\"https:\/\/ativainternet.com.br\/novo\/#website\",\"url\":\"https:\/\/ativainternet.com.br\/novo\/\",\"name\":\"Ativa Internet - Querencia\/MT\",\"description\":\"Ativa Internet - Querencia\/MT\",\"publisher\":{\"@id\":\"https:\/\/ativainternet.com.br\/novo\/#organization\"},\"potentialAction\":[{\"@type\":\"SearchAction\",\"target\":{\"@type\":\"EntryPoint\",\"urlTemplate\":\"https:\/\/ativainternet.com.br\/novo\/?s={search_term_string}\"},\"query-input\":{\"@type\":\"PropertyValueSpecification\",\"valueRequired\":true,\"valueName\":\"search_term_string\"}}],\"inLanguage\":\"pt-BR\"},{\"@type\":\"Organization\",\"@id\":\"https:\/\/ativainternet.com.br\/novo\/#organization\",\"name\":\"Ativa Internet - Querencia\/MT\",\"url\":\"https:\/\/ativainternet.com.br\/novo\/\",\"logo\":{\"@type\":\"ImageObject\",\"inLanguage\":\"pt-BR\",\"@id\":\"https:\/\/ativainternet.com.br\/novo\/#\/schema\/logo\/image\/\",\"url\":\"https:\/\/ativainternet.com.br\/novo\/wp-content\/uploads\/2020\/09\/cropped-sac_logo.png\",\"contentUrl\":\"https:\/\/ativainternet.com.br\/novo\/wp-content\/uploads\/2020\/09\/cropped-sac_logo.png\",\"width\":174,\"height\":96,\"caption\":\"Ativa Internet - Querencia\/MT\"},\"image\":{\"@id\":\"https:\/\/ativainternet.com.br\/novo\/#\/schema\/logo\/image\/\"}}]}<\/script>\n<!-- \/ Yoast SEO plugin. -->","yoast_head_json":{"title":"A Empresa - Ativa Internet - Querencia\/MT","robots":{"index":"index","follow":"follow","max-snippet":"max-snippet:-1","max-image-preview":"max-image-preview:large","max-video-preview":"max-video-preview:-1"},"canonical":"https:\/\/ativainternet.com.br\/novo\/?page_id=99","og_locale":"pt_BR","og_type":"article","og_title":"A Empresa - Ativa Internet - Querencia\/MT","og_description":"ATIVA TELECOM Desde 2002 a Ativa Telecom est\u00e1 no mercado de telecomunica\u00e7\u00f5es e vem evoluindo juntamente com as novas tecnologias. Iniciando no servi\u00e7o discado, passando pelo [\u2026]","og_url":"https:\/\/ativainternet.com.br\/novo\/?page_id=99","og_site_name":"Ativa Internet - Querencia\/MT","article_modified_time":"2020-09-03T23:33:17+00:00","og_image":[{"url":"https:\/\/ativainternet.com.br\/deletar.10.09.2020\/wp-content\/uploads\/2020\/09\/908eee41-6703-45f8-aa59-66f0fa518aa9.jpg","type":"","width":"","height":""}],"twitter_card":"summary_large_image","twitter_misc":{"Est. tempo de leitura":"1 minuto"},"schema":{"@context":"https:\/\/schema.org","@graph":[{"@type":"WebPage","@id":"https:\/\/ativainternet.com.br\/novo\/?page_id=99","url":"https:\/\/ativainternet.com.br\/novo\/?page_id=99","name":"A Empresa - Ativa Internet - Querencia\/MT","isPartOf":{"@id":"https:\/\/ativainternet.com.br\/novo\/#website"},"primaryImageOfPage":{"@id":"https:\/\/ativainternet.com.br\/novo\/?page_id=99#primaryimage"},"image":{"@id":"https:\/\/ativainternet.com.br\/novo\/?page_id=99#primaryimage"},"thumbnailUrl":"https:\/\/ativainternet.com.br\/deletar.10.09.2020\/wp-content\/uploads\/2020\/09\/908eee41-6703-45f8-aa59-66f0fa518aa9.jpg","datePublished":"2020-08-26T19:46:53+00:00","dateModified":"2020-09-03T23:33:17+00:00","breadcrumb":{"@id":"https:\/\/ativainternet.com.br\/novo\/?page_id=99#breadcrumb"},"inLanguage":"pt-BR","potentialAction":[{"@type":"ReadAction","target":["https:\/\/ativainternet.com.br\/novo\/?page_id=99"]}]},{"@type":"ImageObject","inLanguage":"pt-BR","@id":"https:\/\/ativainternet.com.br\/novo\/?page_id=99#primaryimage","url":"https:\/\/ativainternet.com.br\/deletar.10.09.2020\/wp-content\/uploads\/2020\/09\/908eee41-6703-45f8-aa59-66f0fa518aa9.jpg","contentUrl":"https:\/\/ativainternet.com.br\/deletar.10.09.2020\/wp-content\/uploads\/2020\/09\/908eee41-6703-45f8-aa59-66f0fa518aa9.jpg"},{"@type":"BreadcrumbList","@id":"https:\/\/ativainternet.com.br\/novo\/?page_id=99#breadcrumb","itemListElement":[{"@type":"ListItem","position":1,"name":"In\u00edcio","item":"https:\/\/ativainternet.com.br\/novo\/"},{"@type":"ListItem","position":2,"name":"A Empresa"}]},{"@type":"WebSite","@id":"https:\/\/ativainternet.com.br\/novo\/#website","url":"https:\/\/ativainternet.com.br\/novo\/","name":"Ativa Internet - Querencia\/MT","description":"Ativa Internet - Querencia\/MT","publisher":{"@id":"https:\/\/ativainternet.com.br\/novo\/#organization"},"potentialAction":[{"@type":"SearchAction","target":{"@type":"EntryPoint","urlTemplate":"https:\/\/ativainternet.com.br\/novo\/?s={search_term_string}"},"query-input":{"@type":"PropertyValueSpecification","valueRequired":true,"valueName":"search_term_string"}}],"inLanguage":"pt-BR"},{"@type":"Organization","@id":"https:\/\/ativainternet.com.br\/novo\/#organization","name":"Ativa Internet - Querencia\/MT","url":"https:\/\/ativainternet.com.br\/novo\/","logo":{"@type":"ImageObject","inLanguage":"pt-BR","@id":"https:\/\/ativainternet.com.br\/novo\/#\/schema\/logo\/image\/","url":"https:\/\/ativainternet.com.br\/novo\/wp-content\/uploads\/2020\/09\/cropped-sac_logo.png","contentUrl":"https:\/\/ativainternet.com.br\/novo\/wp-content\/uploads\/2020\/09\/cropped-sac_logo.png","width":174,"height":96,"caption":"Ativa Internet - Querencia\/MT"},"image":{"@id":"https:\/\/ativainternet.com.br\/novo\/#\/schema\/logo\/image\/"}}]}},"_links":{"self":[{"href":"https:\/\/ativainternet.com.br\/novo\/index.php?rest_route=\/wp\/v2\/pages\/99","targetHints":{"allow":["GET"]}}],"collection":[{"href":"https:\/\/ativainternet.com.br\/novo\/index.php?rest_route=\/wp\/v2\/pages"}],"about":[{"href":"https:\/\/ativainternet.com.br\/novo\/index.php?rest_route=\/wp\/v2\/types\/page"}],"author":[{"embeddable":true,"href":"https:\/\/ativainternet.com.br\/novo\/index.php?rest_route=\/wp\/v2\/users\/2"}],"replies":[{"embeddable":true,"href":"https:\/\/ativainternet.com.br\/novo\/index.php?rest_route=%2Fwp%2Fv2%2Fcomments&post=99"}],"version-history":[{"count":9,"href":"https:\/\/ativainternet.com.br\/novo\/index.php?rest_route=\/wp\/v2\/pages\/99\/revisions"}],"predecessor-version":[{"id":232,"href":"https:\/\/ativainternet.com.br\/novo\/index.php?rest_route=\/wp\/v2\/pages\/99\/revisions\/232"}],"wp:attachment":[{"href":"https:\/\/ativainternet.com.br\/novo\/index.php?rest_route=%2Fwp%2Fv2%2Fmedia&parent=99"}],"curies":[{"name":"wp","href":"https:\/\/api.w.org\/{rel}","templated":true}]}}