{"id":88,"date":"2014-12-24T10:43:49","date_gmt":"2014-12-24T10:43:49","guid":{"rendered":"http:\/\/themes.muffingroup.com\/be\/hosting\/?page_id=2"},"modified":"2023-07-17T16:46:17","modified_gmt":"2023-07-17T19:46:17","slug":"home","status":"publish","type":"page","link":"https:\/\/ativainternet.com.br\/novo\/","title":{"rendered":"Home"},"content":{"rendered":"\t\t<div data-elementor-type=\"wp-page\" data-elementor-id=\"88\" class=\"elementor elementor-88\">\n\t\t\t\t\t\t<div class=\"elementor-inner\">\n\t\t\t\t<div class=\"elementor-section-wrap\">\n\t\t\t\t\t\t\t\t\t<section class=\"elementor-section elementor-top-section elementor-element elementor-element-48a28fb7 elementor-section-boxed elementor-section-height-default elementor-section-height-default\" data-id=\"48a28fb7\" data-element_type=\"section\">\n\t\t\t\t\t\t<div class=\"elementor-container elementor-column-gap-default\">\n\t\t\t\t\t\t\t<div class=\"elementor-row\">\n\t\t\t\t\t<div class=\"elementor-column elementor-col-100 elementor-top-column elementor-element elementor-element-596488f5\" data-id=\"596488f5\" data-element_type=\"column\">\n\t\t\t<div class=\"elementor-column-wrap elementor-element-populated\">\n\t\t\t\t\t\t\t<div class=\"elementor-widget-wrap\">\n\t\t\t\t\t\t<div class=\"elementor-element elementor-element-2f98c7e0 elementor-widget elementor-widget-heading\" data-id=\"2f98c7e0\" data-element_type=\"widget\" data-widget_type=\"heading.default\">\n\t\t\t\t<div class=\"elementor-widget-container\">\n\t\t\t<h2 class=\"elementor-heading-title elementor-size-large\">Planos Mais Vendido Fibra- Residenciais<\/h2>\t\t<\/div>\n\t\t\t\t<\/div>\n\t\t\t\t\t\t<\/div>\n\t\t\t\t\t<\/div>\n\t\t<\/div>\n\t\t\t\t\t\t\t\t<\/div>\n\t\t\t\t\t<\/div>\n\t\t<\/section>\n\t\t\t\t<section class=\"elementor-section elementor-top-section elementor-element elementor-element-7214185 elementor-section-boxed elementor-section-height-default elementor-section-height-default\" data-id=\"7214185\" data-element_type=\"section\">\n\t\t\t\t\t\t<div class=\"elementor-container elementor-column-gap-default\">\n\t\t\t\t\t\t\t<div class=\"elementor-row\">\n\t\t\t\t\t<div class=\"elementor-column elementor-col-100 elementor-top-column elementor-element elementor-element-71d65dec\" data-id=\"71d65dec\" data-element_type=\"column\">\n\t\t\t<div class=\"elementor-column-wrap elementor-element-populated\">\n\t\t\t\t\t\t\t<div class=\"elementor-widget-wrap\">\n\t\t\t\t\t\t<div class=\"elementor-element elementor-element-1a473a58 elementor-widget elementor-widget-heading\" data-id=\"1a473a58\" data-element_type=\"widget\" data-widget_type=\"heading.default\">\n\t\t\t\t<div class=\"elementor-widget-container\">\n\t\t\t<h2 class=\"elementor-heading-title elementor-size-large\">Planos Mais Vendido Fibra - Empresariais<\/h2>\t\t<\/div>\n\t\t\t\t<\/div>\n\t\t\t\t\t\t<\/div>\n\t\t\t\t\t<\/div>\n\t\t<\/div>\n\t\t\t\t\t\t\t\t<\/div>\n\t\t\t\t\t<\/div>\n\t\t<\/section>\n\t\t\t\t<section class=\"elementor-section elementor-top-section elementor-element elementor-element-41c5279 elementor-section-boxed elementor-section-height-default elementor-section-height-default\" data-id=\"41c5279\" data-element_type=\"section\">\n\t\t\t\t\t\t<div class=\"elementor-container elementor-column-gap-default\">\n\t\t\t\t\t\t\t<div class=\"elementor-row\">\n\t\t\t\t\t<div class=\"elementor-column elementor-col-100 elementor-top-column elementor-element elementor-element-2e08a83\" data-id=\"2e08a83\" data-element_type=\"column\">\n\t\t\t<div class=\"elementor-column-wrap elementor-element-populated\">\n\t\t\t\t\t\t\t<div class=\"elementor-widget-wrap\">\n\t\t\t\t\t\t<div class=\"elementor-element elementor-element-99a1863 elementor-widget elementor-widget-heading\" data-id=\"99a1863\" data-element_type=\"widget\" data-widget_type=\"heading.default\">\n\t\t\t\t<div class=\"elementor-widget-container\">\n\t\t\t<h2 class=\"elementor-heading-title elementor-size-large\">Planos Mais Vendido Via R\u00e1dio Rural<\/h2>\t\t<\/div>\n\t\t\t\t<\/div>\n\t\t\t\t\t\t<\/div>\n\t\t\t\t\t<\/div>\n\t\t<\/div>\n\t\t\t\t\t\t\t\t<\/div>\n\t\t\t\t\t<\/div>\n\t\t<\/section>\n\t\t\t\t<section class=\"elementor-section elementor-top-section elementor-element elementor-element-1872cd2 elementor-section-full_width elementor-section-stretched elementor-section-height-default elementor-section-height-default\" data-id=\"1872cd2\" data-element_type=\"section\" data-settings=\"{&quot;stretch_section&quot;:&quot;section-stretched&quot;}\">\n\t\t\t\t\t\t<div class=\"elementor-container elementor-column-gap-no\">\n\t\t\t\t\t\t\t<div class=\"elementor-row\">\n\t\t\t\t\t<div class=\"elementor-column elementor-col-100 elementor-top-column elementor-element elementor-element-704225b\" data-id=\"704225b\" data-element_type=\"column\">\n\t\t\t<div class=\"elementor-column-wrap elementor-element-populated\">\n\t\t\t\t\t\t\t<div class=\"elementor-widget-wrap\">\n\t\t\t\t\t\t<div class=\"elementor-element elementor-element-746ef83 elementor-widget elementor-widget-html\" data-id=\"746ef83\" data-element_type=\"widget\" data-widget_type=\"html.default\">\n\t\t\t\t<div class=\"elementor-widget-container\">\n\t\t\t<div class=\"section mcb-section mcb-section-9e01866b1 dark\"  style=\"padding-top:80px;padding-bottom:40px;background-color:#282828;background-image:url(http:\/\/ativainternet.com.br\/novo\/wp-content\/uploads\/2014\/12\/home_hosting_section_3-2.jpg);background-repeat:no-repeat;background-position:center top\" ><div class=\"section_wrapper mcb-section-inner\"><div class=\"wrap mcb-wrap mcb-wrap-d0f20241d one  valign-top clearfix\" style=\"\"  ><div class=\"mcb-wrap-inner\"><div class=\"column mcb-column mcb-item-6cbb78cff one column_fancy_heading\"><div class=\"fancy_heading fancy_heading_icon\"><h2 class=\"title\">Porque escolher a <span class=\"themecolor\" style=\"color:#FFF\">Ativa Internet<\/span>?<\/h2><div class=\"inside\"><p class=\"big\">Morbi in sem quis dui placerat ornare. Pellentesque odio nisi, euismod in, pharetra a, ultricies in, diam.<\/p><\/div><\/div>\n<\/div><div class=\"column mcb-column mcb-item-0ff3aa41f one-fourth column_icon_box\"><div class=\"animate\" data-anim-type=\"fadeInLeft\"><div class=\"icon_box icon_position_top no_border\"><div class=\"image_wrapper\"><img decoding=\"async\" src=\"http:\/\/ativainternet.com.br\/novo\/wp-content\/uploads\/2014\/12\/home_hosting_icon_1.png\" class=\"scale-with-grid\" alt=\"\" width=\"\" height=\"\"\/><\/div><div class=\"desc_wrapper\"><h4 class=\"title\">Alta Velocidade<\/h4><div class=\"desc\">Fibra com alta velocidade e estabilidade para voc\u00ea.<\/div><\/div><\/div>\n<\/div>\n<\/div><div class=\"column mcb-column mcb-item-f64c6ec90 one-fourth column_icon_box\"><div class=\"animate\" data-anim-type=\"fadeInUp\"><div class=\"icon_box icon_position_top no_border\"><div class=\"image_wrapper\"><img decoding=\"async\" src=\"http:\/\/ativainternet.com.br\/novo\/wp-content\/uploads\/2014\/12\/home_hosting_icon_2.png\" class=\"scale-with-grid\" alt=\"\" width=\"\" height=\"\"\/><\/div><div class=\"desc_wrapper\"><h4 class=\"title\">Garantia de Qualidade<\/h4><div class=\"desc\">Internet onde voc\u00ea precisar, com alta qualidade e garantia de banda.<\/div><\/div><\/div>\n<\/div>\n<\/div><div class=\"column mcb-column mcb-item-5dea83ba0 one-fourth column_icon_box\"><div class=\"animate\" data-anim-type=\"fadeInUp\"><div class=\"icon_box icon_position_top no_border\"><div class=\"image_wrapper\"><img decoding=\"async\" src=\"http:\/\/ativainternet.com.br\/novo\/wp-content\/uploads\/2014\/12\/home_hosting_icon_4.png\" class=\"scale-with-grid\" alt=\"\" width=\"\" height=\"\"\/><\/div><div class=\"desc_wrapper\"><h4 class=\"title\">Servidores Robustos<\/h4><div class=\"desc\">Servidores robustos e equipamentos de \u00faltima gera\u00e7\u00e3o para suprir qualquer necessidade.<\/div><\/div><\/div>\n<\/div>\n<\/div><div class=\"column mcb-column mcb-item-01cfce638 one-fourth column_icon_box\"><div class=\"animate\" data-anim-type=\"fadeInRight\"><div class=\"icon_box icon_position_top no_border\"><div class=\"image_wrapper\"><img decoding=\"async\" src=\"http:\/\/ativainternet.com.br\/novo\/wp-content\/uploads\/2014\/12\/home_hosting_icon_3.png\" class=\"scale-with-grid\" alt=\"\" width=\"\" height=\"\"\/><\/div><div class=\"desc_wrapper\"><h4 class=\"title\">Suporte T\u00e9cnico<\/h4><div class=\"desc\">Suporte t\u00e9cnico especializado por telefone, WhatsApp em hor\u00e1rio comercial, Plant\u00e3o por WhatsApp com autoatendimento.<\/div><\/div><\/div>\n<\/div>\n<\/div><\/div><\/div><\/div><\/div>\t\t<\/div>\n\t\t\t\t<\/div>\n\t\t\t\t\t\t<\/div>\n\t\t\t\t\t<\/div>\n\t\t<\/div>\n\t\t\t\t\t\t\t\t<\/div>\n\t\t\t\t\t<\/div>\n\t\t<\/section>\n\t\t\t\t\t\t\t\t\t<\/div>\n\t\t\t<\/div>\n\t\t\t\t\t<\/div>\n\t\t","protected":false},"excerpt":{"rendered":"<p>Planos Mais Vendido Fibra- Residenciais Planos Mais Vendido Fibra &#8211; Empresariais Planos Mais Vendido Via R\u00e1dio Rural Porque escolher a Ativa Internet? Morbi in sem quis<span class=\"excerpt-hellip\"> [\u2026]<\/span><\/p>\n","protected":false},"author":2,"featured_media":0,"parent":0,"menu_order":0,"comment_status":"open","ping_status":"open","template":"","meta":{"_joinchat":[],"footnotes":""},"class_list":["post-88","page","type-page","status-publish","hentry"],"yoast_head":"<!-- This site is optimized with the Yoast SEO plugin v24.6 - https:\/\/yoast.com\/wordpress\/plugins\/seo\/ -->\n<title>Ativa internet - Internet Fibra \u00d3ptica de Qualidade em Quer\u00eancia\/MT!<\/title>\n<meta name=\"description\" content=\"Fibra \u00d3ptica de Qualidade na cidade de Quer\u00eancia\/MT. Trabalhamos com tecnologia de ponta. Acesso via r\u00e1dio \u00e0 internet, residencial, empresarial ou rural.\" \/>\n<meta name=\"robots\" content=\"index, follow, max-snippet:-1, max-image-preview:large, max-video-preview:-1\" \/>\n<link rel=\"canonical\" href=\"https:\/\/ativainternet.com.br\/novo\/\" \/>\n<meta property=\"og:locale\" content=\"pt_BR\" \/>\n<meta property=\"og:type\" content=\"article\" \/>\n<meta property=\"og:title\" content=\"Ativa internet - Internet Fibra \u00d3ptica de Qualidade em Quer\u00eancia\/MT!\" \/>\n<meta property=\"og:description\" content=\"Fibra \u00d3ptica de Qualidade na cidade de Quer\u00eancia\/MT. Trabalhamos com tecnologia de ponta. Acesso via r\u00e1dio \u00e0 internet, residencial, empresarial ou rural.\" \/>\n<meta property=\"og:url\" content=\"https:\/\/ativainternet.com.br\/novo\/\" \/>\n<meta property=\"og:site_name\" content=\"Ativa Internet - Querencia\/MT\" \/>\n<meta property=\"article:modified_time\" content=\"2023-07-17T19:46:17+00:00\" \/>\n<meta property=\"og:image\" content=\"http:\/\/ativainternet.com.br\/novo\/wp-content\/uploads\/2014\/12\/home_hosting_icon_1.png\" \/>\n<meta name=\"twitter:card\" content=\"summary_large_image\" \/>\n<meta name=\"twitter:label1\" content=\"Est. tempo de leitura\" \/>\n\t<meta name=\"twitter:data1\" content=\"2 minutos\" \/>\n<script type=\"application\/ld+json\" class=\"yoast-schema-graph\">{\"@context\":\"https:\/\/schema.org\",\"@graph\":[{\"@type\":\"WebPage\",\"@id\":\"https:\/\/ativainternet.com.br\/novo\/\",\"url\":\"https:\/\/ativainternet.com.br\/novo\/\",\"name\":\"Ativa internet - Internet Fibra \u00d3ptica de Qualidade em Quer\u00eancia\/MT!\",\"isPartOf\":{\"@id\":\"https:\/\/ativainternet.com.br\/novo\/#website\"},\"primaryImageOfPage\":{\"@id\":\"https:\/\/ativainternet.com.br\/novo\/#primaryimage\"},\"image\":{\"@id\":\"https:\/\/ativainternet.com.br\/novo\/#primaryimage\"},\"thumbnailUrl\":\"http:\/\/ativainternet.com.br\/novo\/wp-content\/uploads\/2014\/12\/home_hosting_icon_1.png\",\"datePublished\":\"2014-12-24T10:43:49+00:00\",\"dateModified\":\"2023-07-17T19:46:17+00:00\",\"description\":\"Fibra \u00d3ptica de Qualidade na cidade de Quer\u00eancia\/MT. Trabalhamos com tecnologia de ponta. Acesso via r\u00e1dio \u00e0 internet, residencial, empresarial ou rural.\",\"breadcrumb\":{\"@id\":\"https:\/\/ativainternet.com.br\/novo\/#breadcrumb\"},\"inLanguage\":\"pt-BR\",\"potentialAction\":[{\"@type\":\"ReadAction\",\"target\":[\"https:\/\/ativainternet.com.br\/novo\/\"]}]},{\"@type\":\"ImageObject\",\"inLanguage\":\"pt-BR\",\"@id\":\"https:\/\/ativainternet.com.br\/novo\/#primaryimage\",\"url\":\"https:\/\/ativainternet.com.br\/novo\/wp-content\/uploads\/2014\/12\/home_hosting_icon_1.png\",\"contentUrl\":\"https:\/\/ativainternet.com.br\/novo\/wp-content\/uploads\/2014\/12\/home_hosting_icon_1.png\",\"width\":79,\"height\":70},{\"@type\":\"BreadcrumbList\",\"@id\":\"https:\/\/ativainternet.com.br\/novo\/#breadcrumb\",\"itemListElement\":[{\"@type\":\"ListItem\",\"position\":1,\"name\":\"In\u00edcio\",\"item\":\"https:\/\/ativainternet.com.br\/novo\/\"},{\"@type\":\"ListItem\",\"position\":2,\"name\":\"Home\"}]},{\"@type\":\"WebSite\",\"@id\":\"https:\/\/ativainternet.com.br\/novo\/#website\",\"url\":\"https:\/\/ativainternet.com.br\/novo\/\",\"name\":\"Ativa Internet - Querencia\/MT\",\"description\":\"Ativa Internet - Querencia\/MT\",\"publisher\":{\"@id\":\"https:\/\/ativainternet.com.br\/novo\/#organization\"},\"potentialAction\":[{\"@type\":\"SearchAction\",\"target\":{\"@type\":\"EntryPoint\",\"urlTemplate\":\"https:\/\/ativainternet.com.br\/novo\/?s={search_term_string}\"},\"query-input\":{\"@type\":\"PropertyValueSpecification\",\"valueRequired\":true,\"valueName\":\"search_term_string\"}}],\"inLanguage\":\"pt-BR\"},{\"@type\":\"Organization\",\"@id\":\"https:\/\/ativainternet.com.br\/novo\/#organization\",\"name\":\"Ativa Internet - Querencia\/MT\",\"url\":\"https:\/\/ativainternet.com.br\/novo\/\",\"logo\":{\"@type\":\"ImageObject\",\"inLanguage\":\"pt-BR\",\"@id\":\"https:\/\/ativainternet.com.br\/novo\/#\/schema\/logo\/image\/\",\"url\":\"https:\/\/ativainternet.com.br\/novo\/wp-content\/uploads\/2020\/09\/cropped-sac_logo.png\",\"contentUrl\":\"https:\/\/ativainternet.com.br\/novo\/wp-content\/uploads\/2020\/09\/cropped-sac_logo.png\",\"width\":174,\"height\":96,\"caption\":\"Ativa Internet - Querencia\/MT\"},\"image\":{\"@id\":\"https:\/\/ativainternet.com.br\/novo\/#\/schema\/logo\/image\/\"}}]}<\/script>\n<!-- \/ Yoast SEO plugin. -->","yoast_head_json":{"title":"Ativa internet - Internet Fibra \u00d3ptica de Qualidade em Quer\u00eancia\/MT!","description":"Fibra \u00d3ptica de Qualidade na cidade de Quer\u00eancia\/MT. Trabalhamos com tecnologia de ponta. Acesso via r\u00e1dio \u00e0 internet, residencial, empresarial ou rural.","robots":{"index":"index","follow":"follow","max-snippet":"max-snippet:-1","max-image-preview":"max-image-preview:large","max-video-preview":"max-video-preview:-1"},"canonical":"https:\/\/ativainternet.com.br\/novo\/","og_locale":"pt_BR","og_type":"article","og_title":"Ativa internet - Internet Fibra \u00d3ptica de Qualidade em Quer\u00eancia\/MT!","og_description":"Fibra \u00d3ptica de Qualidade na cidade de Quer\u00eancia\/MT. Trabalhamos com tecnologia de ponta. Acesso via r\u00e1dio \u00e0 internet, residencial, empresarial ou rural.","og_url":"https:\/\/ativainternet.com.br\/novo\/","og_site_name":"Ativa Internet - Querencia\/MT","article_modified_time":"2023-07-17T19:46:17+00:00","og_image":[{"url":"http:\/\/ativainternet.com.br\/novo\/wp-content\/uploads\/2014\/12\/home_hosting_icon_1.png","type":"","width":"","height":""}],"twitter_card":"summary_large_image","twitter_misc":{"Est. tempo de leitura":"2 minutos"},"schema":{"@context":"https:\/\/schema.org","@graph":[{"@type":"WebPage","@id":"https:\/\/ativainternet.com.br\/novo\/","url":"https:\/\/ativainternet.com.br\/novo\/","name":"Ativa internet - Internet Fibra \u00d3ptica de Qualidade em Quer\u00eancia\/MT!","isPartOf":{"@id":"https:\/\/ativainternet.com.br\/novo\/#website"},"primaryImageOfPage":{"@id":"https:\/\/ativainternet.com.br\/novo\/#primaryimage"},"image":{"@id":"https:\/\/ativainternet.com.br\/novo\/#primaryimage"},"thumbnailUrl":"http:\/\/ativainternet.com.br\/novo\/wp-content\/uploads\/2014\/12\/home_hosting_icon_1.png","datePublished":"2014-12-24T10:43:49+00:00","dateModified":"2023-07-17T19:46:17+00:00","description":"Fibra \u00d3ptica de Qualidade na cidade de Quer\u00eancia\/MT. Trabalhamos com tecnologia de ponta. Acesso via r\u00e1dio \u00e0 internet, residencial, empresarial ou rural.","breadcrumb":{"@id":"https:\/\/ativainternet.com.br\/novo\/#breadcrumb"},"inLanguage":"pt-BR","potentialAction":[{"@type":"ReadAction","target":["https:\/\/ativainternet.com.br\/novo\/"]}]},{"@type":"ImageObject","inLanguage":"pt-BR","@id":"https:\/\/ativainternet.com.br\/novo\/#primaryimage","url":"https:\/\/ativainternet.com.br\/novo\/wp-content\/uploads\/2014\/12\/home_hosting_icon_1.png","contentUrl":"https:\/\/ativainternet.com.br\/novo\/wp-content\/uploads\/2014\/12\/home_hosting_icon_1.png","width":79,"height":70},{"@type":"BreadcrumbList","@id":"https:\/\/ativainternet.com.br\/novo\/#breadcrumb","itemListElement":[{"@type":"ListItem","position":1,"name":"In\u00edcio","item":"https:\/\/ativainternet.com.br\/novo\/"},{"@type":"ListItem","position":2,"name":"Home"}]},{"@type":"WebSite","@id":"https:\/\/ativainternet.com.br\/novo\/#website","url":"https:\/\/ativainternet.com.br\/novo\/","name":"Ativa Internet - Querencia\/MT","description":"Ativa Internet - Querencia\/MT","publisher":{"@id":"https:\/\/ativainternet.com.br\/novo\/#organization"},"potentialAction":[{"@type":"SearchAction","target":{"@type":"EntryPoint","urlTemplate":"https:\/\/ativainternet.com.br\/novo\/?s={search_term_string}"},"query-input":{"@type":"PropertyValueSpecification","valueRequired":true,"valueName":"search_term_string"}}],"inLanguage":"pt-BR"},{"@type":"Organization","@id":"https:\/\/ativainternet.com.br\/novo\/#organization","name":"Ativa Internet - Querencia\/MT","url":"https:\/\/ativainternet.com.br\/novo\/","logo":{"@type":"ImageObject","inLanguage":"pt-BR","@id":"https:\/\/ativainternet.com.br\/novo\/#\/schema\/logo\/image\/","url":"https:\/\/ativainternet.com.br\/novo\/wp-content\/uploads\/2020\/09\/cropped-sac_logo.png","contentUrl":"https:\/\/ativainternet.com.br\/novo\/wp-content\/uploads\/2020\/09\/cropped-sac_logo.png","width":174,"height":96,"caption":"Ativa Internet - Querencia\/MT"},"image":{"@id":"https:\/\/ativainternet.com.br\/novo\/#\/schema\/logo\/image\/"}}]}},"_links":{"self":[{"href":"https:\/\/ativainternet.com.br\/novo\/index.php?rest_route=\/wp\/v2\/pages\/88","targetHints":{"allow":["GET"]}}],"collection":[{"href":"https:\/\/ativainternet.com.br\/novo\/index.php?rest_route=\/wp\/v2\/pages"}],"about":[{"href":"https:\/\/ativainternet.com.br\/novo\/index.php?rest_route=\/wp\/v2\/types\/page"}],"author":[{"embeddable":true,"href":"https:\/\/ativainternet.com.br\/novo\/index.php?rest_route=\/wp\/v2\/users\/2"}],"replies":[{"embeddable":true,"href":"https:\/\/ativainternet.com.br\/novo\/index.php?rest_route=%2Fwp%2Fv2%2Fcomments&post=88"}],"version-history":[{"count":63,"href":"https:\/\/ativainternet.com.br\/novo\/index.php?rest_route=\/wp\/v2\/pages\/88\/revisions"}],"predecessor-version":[{"id":344,"href":"https:\/\/ativainternet.com.br\/novo\/index.php?rest_route=\/wp\/v2\/pages\/88\/revisions\/344"}],"wp:attachment":[{"href":"https:\/\/ativainternet.com.br\/novo\/index.php?rest_route=%2Fwp%2Fv2%2Fmedia&parent=88"}],"curies":[{"name":"wp","href":"https:\/\/api.w.org\/{rel}","templated":true}]}}