{"id":136,"date":"2020-08-26T17:55:13","date_gmt":"2020-08-26T20:55:13","guid":{"rendered":"http:\/\/ativainternet.com.br\/?page_id=136"},"modified":"2020-09-01T15:27:08","modified_gmt":"2020-09-01T18:27:08","slug":"teste-conexao","status":"publish","type":"page","link":"https:\/\/ativainternet.com.br\/novo\/?page_id=136","title":{"rendered":"Teste Conex\u00e3o"},"content":{"rendered":"\t\t<div data-elementor-type=\"wp-page\" data-elementor-id=\"136\" class=\"elementor elementor-136\">\n\t\t\t\t\t\t<div class=\"elementor-inner\">\n\t\t\t\t<div class=\"elementor-section-wrap\">\n\t\t\t\t\t\t\t\t\t<section class=\"elementor-section elementor-top-section elementor-element elementor-element-0d5520a elementor-section-full_width elementor-section-height-default elementor-section-height-default\" data-id=\"0d5520a\" data-element_type=\"section\">\n\t\t\t\t\t\t<div class=\"elementor-container elementor-column-gap-default\">\n\t\t\t\t\t\t\t<div class=\"elementor-row\">\n\t\t\t\t\t<div class=\"elementor-column elementor-col-100 elementor-top-column elementor-element elementor-element-f6fcd82\" data-id=\"f6fcd82\" data-element_type=\"column\">\n\t\t\t<div class=\"elementor-column-wrap\">\n\t\t\t\t\t\t\t<div class=\"elementor-widget-wrap\">\n\t\t\t\t\t\t\t\t<\/div>\n\t\t\t\t\t<\/div>\n\t\t<\/div>\n\t\t\t\t\t\t\t\t<\/div>\n\t\t\t\t\t<\/div>\n\t\t<\/section>\n\t\t\t\t<section class=\"elementor-section elementor-top-section elementor-element elementor-element-b148d9f elementor-section-boxed elementor-section-height-default elementor-section-height-default\" data-id=\"b148d9f\" data-element_type=\"section\">\n\t\t\t\t\t\t<div class=\"elementor-container elementor-column-gap-default\">\n\t\t\t\t\t\t\t<div class=\"elementor-row\">\n\t\t\t\t\t<div class=\"elementor-column elementor-col-50 elementor-top-column elementor-element elementor-element-f27e5dd\" data-id=\"f27e5dd\" data-element_type=\"column\">\n\t\t\t<div class=\"elementor-column-wrap elementor-element-populated\">\n\t\t\t\t\t\t\t<div class=\"elementor-widget-wrap\">\n\t\t\t\t\t\t<div class=\"elementor-element elementor-element-509d7c3 elementor-widget elementor-widget-text-editor\" data-id=\"509d7c3\" data-element_type=\"widget\" data-widget_type=\"text-editor.default\">\n\t\t\t\t<div class=\"elementor-widget-container\">\n\t\t\t\t\t\t\t\t<div class=\"elementor-text-editor elementor-clearfix\">\n\t\t\t\t<h2>Teste de Velocidade<\/h2><div>\u00a0Fa\u00e7a um teste de velocidade e verifique como est\u00e1 sua conex\u00e3o.<\/div>\t\t\t\t\t<\/div>\n\t\t\t\t\t\t<\/div>\n\t\t\t\t<\/div>\n\t\t\t\t<div class=\"elementor-element elementor-element-ce10497 elementor-widget elementor-widget-image\" data-id=\"ce10497\" data-element_type=\"widget\" data-widget_type=\"image.default\">\n\t\t\t\t<div class=\"elementor-widget-container\">\n\t\t\t\t\t\t\t\t<div class=\"elementor-image\">\n\t\t\t\t\t\t\t\t\t\t\t\t<img loading=\"lazy\" decoding=\"async\" width=\"395\" height=\"196\" src=\"https:\/\/ativainternet.com.br\/novo\/wp-content\/uploads\/2020\/08\/icoTesteVel.png\" class=\"attachment-large size-large wp-image-140\" alt=\"\" srcset=\"https:\/\/ativainternet.com.br\/novo\/wp-content\/uploads\/2020\/08\/icoTesteVel.png 395w, https:\/\/ativainternet.com.br\/novo\/wp-content\/uploads\/2020\/08\/icoTesteVel-300x149.png 300w, https:\/\/ativainternet.com.br\/novo\/wp-content\/uploads\/2020\/08\/icoTesteVel-260x129.png 260w, https:\/\/ativainternet.com.br\/novo\/wp-content\/uploads\/2020\/08\/icoTesteVel-50x25.png 50w, https:\/\/ativainternet.com.br\/novo\/wp-content\/uploads\/2020\/08\/icoTesteVel-150x75.png 150w\" sizes=\"auto, (max-width: 395px) 100vw, 395px\" \/>\t\t\t\t\t\t\t\t\t\t\t\t\t\t<\/div>\n\t\t\t\t\t\t<\/div>\n\t\t\t\t<\/div>\n\t\t\t\t<div class=\"elementor-element elementor-element-d7f5568 elementor-align-center elementor-widget elementor-widget-button\" data-id=\"d7f5568\" data-element_type=\"widget\" data-widget_type=\"button.default\">\n\t\t\t\t<div class=\"elementor-widget-container\">\n\t\t\t\t\t<div class=\"elementor-button-wrapper\">\n\t\t\t<a href=\"https:\/\/www.minhaconexao.com.br\/?server_id=000159\" target=\"_blank\" class=\"elementor-button-link elementor-button elementor-size-lg elementor-animation-push\" role=\"button\">\n\t\t\t\t\t\t<span class=\"elementor-button-content-wrapper\">\n\t\t\t\t\t\t\t<span class=\"elementor-button-icon elementor-align-icon-left\">\n\t\t\t\t<i aria-hidden=\"true\" class=\"fas fa-wifi\"><\/i>\t\t\t<\/span>\n\t\t\t\t\t\t<span class=\"elementor-button-text\">Iniciar o Teste de Velocidade<\/span>\n\t\t<\/span>\n\t\t\t\t\t<\/a>\n\t\t<\/div>\n\t\t\t\t<\/div>\n\t\t\t\t<\/div>\n\t\t\t\t\t\t<\/div>\n\t\t\t\t\t<\/div>\n\t\t<\/div>\n\t\t\t\t<div class=\"elementor-column elementor-col-50 elementor-top-column elementor-element elementor-element-852d178\" data-id=\"852d178\" data-element_type=\"column\">\n\t\t\t<div class=\"elementor-column-wrap elementor-element-populated\">\n\t\t\t\t\t\t\t<div class=\"elementor-widget-wrap\">\n\t\t\t\t\t\t<div class=\"elementor-element elementor-element-47782e6 elementor-widget elementor-widget-text-editor\" data-id=\"47782e6\" data-element_type=\"widget\" data-widget_type=\"text-editor.default\">\n\t\t\t\t<div class=\"elementor-widget-container\">\n\t\t\t\t\t\t\t\t<div class=\"elementor-text-editor elementor-clearfix\">\n\t\t\t\t<h2>Dicas para o teste<\/h2><p>O teste de velocidade \u00e9 um servi\u00e7o online oferecido pela RJNet. <br \/><br \/>O objetivo \u00e9 detectar com precis\u00e3o a velocidade de transfer\u00eancia de dados, informando se a banda atual est\u00e1 de acordo com a velocidade contratada.<br \/><br \/><strong>Antes de medir a velocidade da sua banda, siga estas dicas para que o resultado seja o mais preciso poss\u00edvel:<\/strong><\/p><div><ol><li>Fa\u00e7a o teste em um computador conectado \u00e0 internet por meio de um cabo de rede.<\/li><li>Conecte diretamente na entrada do provedor.<\/li><li>Feche todos os programas.<\/li><li>Interrompa as atualiza\u00e7\u00f5es.<\/li><li>Repita o teste.<\/li><\/ol><\/div>\t\t\t\t\t<\/div>\n\t\t\t\t\t\t<\/div>\n\t\t\t\t<\/div>\n\t\t\t\t\t\t<\/div>\n\t\t\t\t\t<\/div>\n\t\t<\/div>\n\t\t\t\t\t\t\t\t<\/div>\n\t\t\t\t\t<\/div>\n\t\t<\/section>\n\t\t\t\t\t\t\t\t\t<\/div>\n\t\t\t<\/div>\n\t\t\t\t\t<\/div>\n\t\t","protected":false},"excerpt":{"rendered":"<p>Teste de Velocidade \u00a0Fa\u00e7a um teste de velocidade e verifique como est\u00e1 sua conex\u00e3o. Iniciar o Teste de Velocidade Dicas para o teste O teste de<span class=\"excerpt-hellip\"> [\u2026]<\/span><\/p>\n","protected":false},"author":2,"featured_media":0,"parent":0,"menu_order":0,"comment_status":"closed","ping_status":"closed","template":"","meta":{"_joinchat":[],"footnotes":""},"class_list":["post-136","page","type-page","status-publish","hentry"],"yoast_head":"<!-- This site is optimized with the Yoast SEO plugin v24.6 - https:\/\/yoast.com\/wordpress\/plugins\/seo\/ -->\n<title>Teste Conex\u00e3o - Ativa Internet - Querencia\/MT<\/title>\n<meta name=\"robots\" content=\"index, follow, max-snippet:-1, max-image-preview:large, max-video-preview:-1\" \/>\n<link rel=\"canonical\" href=\"https:\/\/ativainternet.com.br\/novo\/?page_id=136\" \/>\n<meta property=\"og:locale\" content=\"pt_BR\" \/>\n<meta property=\"og:type\" content=\"article\" \/>\n<meta property=\"og:title\" content=\"Teste Conex\u00e3o - Ativa Internet - Querencia\/MT\" \/>\n<meta property=\"og:description\" content=\"Teste de Velocidade \u00a0Fa\u00e7a um teste de velocidade e verifique como est\u00e1 sua conex\u00e3o. Iniciar o Teste de Velocidade Dicas para o teste O teste de [\u2026]\" \/>\n<meta property=\"og:url\" content=\"https:\/\/ativainternet.com.br\/novo\/?page_id=136\" \/>\n<meta property=\"og:site_name\" content=\"Ativa Internet - Querencia\/MT\" \/>\n<meta property=\"article:modified_time\" content=\"2020-09-01T18:27:08+00:00\" \/>\n<meta property=\"og:image\" content=\"http:\/\/ativainternet.com.br\/novo\/wp-content\/uploads\/2020\/08\/icoTesteVel.png\" \/>\n<meta name=\"twitter:card\" content=\"summary_large_image\" \/>\n<meta name=\"twitter:label1\" content=\"Est. tempo de leitura\" \/>\n\t<meta name=\"twitter:data1\" content=\"1 minuto\" \/>\n<script type=\"application\/ld+json\" class=\"yoast-schema-graph\">{\"@context\":\"https:\/\/schema.org\",\"@graph\":[{\"@type\":\"WebPage\",\"@id\":\"https:\/\/ativainternet.com.br\/novo\/?page_id=136\",\"url\":\"https:\/\/ativainternet.com.br\/novo\/?page_id=136\",\"name\":\"Teste Conex\u00e3o - Ativa Internet - Querencia\/MT\",\"isPartOf\":{\"@id\":\"https:\/\/ativainternet.com.br\/novo\/#website\"},\"primaryImageOfPage\":{\"@id\":\"https:\/\/ativainternet.com.br\/novo\/?page_id=136#primaryimage\"},\"image\":{\"@id\":\"https:\/\/ativainternet.com.br\/novo\/?page_id=136#primaryimage\"},\"thumbnailUrl\":\"http:\/\/ativainternet.com.br\/novo\/wp-content\/uploads\/2020\/08\/icoTesteVel.png\",\"datePublished\":\"2020-08-26T20:55:13+00:00\",\"dateModified\":\"2020-09-01T18:27:08+00:00\",\"breadcrumb\":{\"@id\":\"https:\/\/ativainternet.com.br\/novo\/?page_id=136#breadcrumb\"},\"inLanguage\":\"pt-BR\",\"potentialAction\":[{\"@type\":\"ReadAction\",\"target\":[\"https:\/\/ativainternet.com.br\/novo\/?page_id=136\"]}]},{\"@type\":\"ImageObject\",\"inLanguage\":\"pt-BR\",\"@id\":\"https:\/\/ativainternet.com.br\/novo\/?page_id=136#primaryimage\",\"url\":\"http:\/\/ativainternet.com.br\/novo\/wp-content\/uploads\/2020\/08\/icoTesteVel.png\",\"contentUrl\":\"http:\/\/ativainternet.com.br\/novo\/wp-content\/uploads\/2020\/08\/icoTesteVel.png\"},{\"@type\":\"BreadcrumbList\",\"@id\":\"https:\/\/ativainternet.com.br\/novo\/?page_id=136#breadcrumb\",\"itemListElement\":[{\"@type\":\"ListItem\",\"position\":1,\"name\":\"In\u00edcio\",\"item\":\"https:\/\/ativainternet.com.br\/novo\/\"},{\"@type\":\"ListItem\",\"position\":2,\"name\":\"Teste Conex\u00e3o\"}]},{\"@type\":\"WebSite\",\"@id\":\"https:\/\/ativainternet.com.br\/novo\/#website\",\"url\":\"https:\/\/ativainternet.com.br\/novo\/\",\"name\":\"Ativa Internet - Querencia\/MT\",\"description\":\"Ativa Internet - Querencia\/MT\",\"publisher\":{\"@id\":\"https:\/\/ativainternet.com.br\/novo\/#organization\"},\"potentialAction\":[{\"@type\":\"SearchAction\",\"target\":{\"@type\":\"EntryPoint\",\"urlTemplate\":\"https:\/\/ativainternet.com.br\/novo\/?s={search_term_string}\"},\"query-input\":{\"@type\":\"PropertyValueSpecification\",\"valueRequired\":true,\"valueName\":\"search_term_string\"}}],\"inLanguage\":\"pt-BR\"},{\"@type\":\"Organization\",\"@id\":\"https:\/\/ativainternet.com.br\/novo\/#organization\",\"name\":\"Ativa Internet - Querencia\/MT\",\"url\":\"https:\/\/ativainternet.com.br\/novo\/\",\"logo\":{\"@type\":\"ImageObject\",\"inLanguage\":\"pt-BR\",\"@id\":\"https:\/\/ativainternet.com.br\/novo\/#\/schema\/logo\/image\/\",\"url\":\"https:\/\/ativainternet.com.br\/novo\/wp-content\/uploads\/2020\/09\/cropped-sac_logo.png\",\"contentUrl\":\"https:\/\/ativainternet.com.br\/novo\/wp-content\/uploads\/2020\/09\/cropped-sac_logo.png\",\"width\":174,\"height\":96,\"caption\":\"Ativa Internet - Querencia\/MT\"},\"image\":{\"@id\":\"https:\/\/ativainternet.com.br\/novo\/#\/schema\/logo\/image\/\"}}]}<\/script>\n<!-- \/ Yoast SEO plugin. -->","yoast_head_json":{"title":"Teste Conex\u00e3o - Ativa Internet - Querencia\/MT","robots":{"index":"index","follow":"follow","max-snippet":"max-snippet:-1","max-image-preview":"max-image-preview:large","max-video-preview":"max-video-preview:-1"},"canonical":"https:\/\/ativainternet.com.br\/novo\/?page_id=136","og_locale":"pt_BR","og_type":"article","og_title":"Teste Conex\u00e3o - Ativa Internet - Querencia\/MT","og_description":"Teste de Velocidade \u00a0Fa\u00e7a um teste de velocidade e verifique como est\u00e1 sua conex\u00e3o. Iniciar o Teste de Velocidade Dicas para o teste O teste de [\u2026]","og_url":"https:\/\/ativainternet.com.br\/novo\/?page_id=136","og_site_name":"Ativa Internet - Querencia\/MT","article_modified_time":"2020-09-01T18:27:08+00:00","og_image":[{"url":"http:\/\/ativainternet.com.br\/novo\/wp-content\/uploads\/2020\/08\/icoTesteVel.png","type":"","width":"","height":""}],"twitter_card":"summary_large_image","twitter_misc":{"Est. tempo de leitura":"1 minuto"},"schema":{"@context":"https:\/\/schema.org","@graph":[{"@type":"WebPage","@id":"https:\/\/ativainternet.com.br\/novo\/?page_id=136","url":"https:\/\/ativainternet.com.br\/novo\/?page_id=136","name":"Teste Conex\u00e3o - Ativa Internet - Querencia\/MT","isPartOf":{"@id":"https:\/\/ativainternet.com.br\/novo\/#website"},"primaryImageOfPage":{"@id":"https:\/\/ativainternet.com.br\/novo\/?page_id=136#primaryimage"},"image":{"@id":"https:\/\/ativainternet.com.br\/novo\/?page_id=136#primaryimage"},"thumbnailUrl":"http:\/\/ativainternet.com.br\/novo\/wp-content\/uploads\/2020\/08\/icoTesteVel.png","datePublished":"2020-08-26T20:55:13+00:00","dateModified":"2020-09-01T18:27:08+00:00","breadcrumb":{"@id":"https:\/\/ativainternet.com.br\/novo\/?page_id=136#breadcrumb"},"inLanguage":"pt-BR","potentialAction":[{"@type":"ReadAction","target":["https:\/\/ativainternet.com.br\/novo\/?page_id=136"]}]},{"@type":"ImageObject","inLanguage":"pt-BR","@id":"https:\/\/ativainternet.com.br\/novo\/?page_id=136#primaryimage","url":"http:\/\/ativainternet.com.br\/novo\/wp-content\/uploads\/2020\/08\/icoTesteVel.png","contentUrl":"http:\/\/ativainternet.com.br\/novo\/wp-content\/uploads\/2020\/08\/icoTesteVel.png"},{"@type":"BreadcrumbList","@id":"https:\/\/ativainternet.com.br\/novo\/?page_id=136#breadcrumb","itemListElement":[{"@type":"ListItem","position":1,"name":"In\u00edcio","item":"https:\/\/ativainternet.com.br\/novo\/"},{"@type":"ListItem","position":2,"name":"Teste Conex\u00e3o"}]},{"@type":"WebSite","@id":"https:\/\/ativainternet.com.br\/novo\/#website","url":"https:\/\/ativainternet.com.br\/novo\/","name":"Ativa Internet - Querencia\/MT","description":"Ativa Internet - Querencia\/MT","publisher":{"@id":"https:\/\/ativainternet.com.br\/novo\/#organization"},"potentialAction":[{"@type":"SearchAction","target":{"@type":"EntryPoint","urlTemplate":"https:\/\/ativainternet.com.br\/novo\/?s={search_term_string}"},"query-input":{"@type":"PropertyValueSpecification","valueRequired":true,"valueName":"search_term_string"}}],"inLanguage":"pt-BR"},{"@type":"Organization","@id":"https:\/\/ativainternet.com.br\/novo\/#organization","name":"Ativa Internet - Querencia\/MT","url":"https:\/\/ativainternet.com.br\/novo\/","logo":{"@type":"ImageObject","inLanguage":"pt-BR","@id":"https:\/\/ativainternet.com.br\/novo\/#\/schema\/logo\/image\/","url":"https:\/\/ativainternet.com.br\/novo\/wp-content\/uploads\/2020\/09\/cropped-sac_logo.png","contentUrl":"https:\/\/ativainternet.com.br\/novo\/wp-content\/uploads\/2020\/09\/cropped-sac_logo.png","width":174,"height":96,"caption":"Ativa Internet - Querencia\/MT"},"image":{"@id":"https:\/\/ativainternet.com.br\/novo\/#\/schema\/logo\/image\/"}}]}},"_links":{"self":[{"href":"https:\/\/ativainternet.com.br\/novo\/index.php?rest_route=\/wp\/v2\/pages\/136","targetHints":{"allow":["GET"]}}],"collection":[{"href":"https:\/\/ativainternet.com.br\/novo\/index.php?rest_route=\/wp\/v2\/pages"}],"about":[{"href":"https:\/\/ativainternet.com.br\/novo\/index.php?rest_route=\/wp\/v2\/types\/page"}],"author":[{"embeddable":true,"href":"https:\/\/ativainternet.com.br\/novo\/index.php?rest_route=\/wp\/v2\/users\/2"}],"replies":[{"embeddable":true,"href":"https:\/\/ativainternet.com.br\/novo\/index.php?rest_route=%2Fwp%2Fv2%2Fcomments&post=136"}],"version-history":[{"count":8,"href":"https:\/\/ativainternet.com.br\/novo\/index.php?rest_route=\/wp\/v2\/pages\/136\/revisions"}],"predecessor-version":[{"id":191,"href":"https:\/\/ativainternet.com.br\/novo\/index.php?rest_route=\/wp\/v2\/pages\/136\/revisions\/191"}],"wp:attachment":[{"href":"https:\/\/ativainternet.com.br\/novo\/index.php?rest_route=%2Fwp%2Fv2%2Fmedia&parent=136"}],"curies":[{"name":"wp","href":"https:\/\/api.w.org\/{rel}","templated":true}]}}