{"id":122,"date":"2020-08-26T17:35:42","date_gmt":"2020-08-26T20:35:42","guid":{"rendered":"http:\/\/ativainternet.com.br\/?page_id=122"},"modified":"2021-10-25T08:48:19","modified_gmt":"2021-10-25T11:48:19","slug":"downloads","status":"publish","type":"page","link":"https:\/\/ativainternet.com.br\/novo\/?page_id=122","title":{"rendered":"Downloads"},"content":{"rendered":"\t\t<div data-elementor-type=\"wp-page\" data-elementor-id=\"122\" class=\"elementor elementor-122\">\n\t\t\t\t\t\t<div class=\"elementor-inner\">\n\t\t\t\t<div class=\"elementor-section-wrap\">\n\t\t\t\t\t\t\t\t\t<section class=\"elementor-section elementor-top-section elementor-element elementor-element-0d5520a elementor-section-full_width elementor-section-height-default elementor-section-height-default\" data-id=\"0d5520a\" data-element_type=\"section\">\n\t\t\t\t\t\t<div class=\"elementor-container elementor-column-gap-default\">\n\t\t\t\t\t\t\t<div class=\"elementor-row\">\n\t\t\t\t\t<div class=\"elementor-column elementor-col-100 elementor-top-column elementor-element elementor-element-f6fcd82\" data-id=\"f6fcd82\" data-element_type=\"column\">\n\t\t\t<div class=\"elementor-column-wrap elementor-element-populated\">\n\t\t\t\t\t\t\t<div class=\"elementor-widget-wrap\">\n\t\t\t\t\t\t<div class=\"elementor-element elementor-element-1035bfd elementor-widget elementor-widget-text-editor\" data-id=\"1035bfd\" data-element_type=\"widget\" data-widget_type=\"text-editor.default\">\n\t\t\t\t<div class=\"elementor-widget-container\">\n\t\t\t\t\t\t\t\t<div class=\"elementor-text-editor elementor-clearfix\">\n\t\t\t\t<p><u><b>ATIVA TELECOM<\/b><\/u><\/p><p align=\"justify\">Desde 2002 a\u00a0<i><b>Ativa Telecom<\/b><\/i>\u00a0est\u00e1 no mercado de telecomunica\u00e7\u00f5es e vem evoluindo juntamente com as novas tecnologias. Iniciando no servi\u00e7o discado, passando pelo r\u00e1dio e atualmente na fibra optica.<\/p><p align=\"justify\">Com estrutura e equipamentos de ponta para atender a crescente demanda de servi\u00e7os de internet, sempre entregando a melhor solu\u00e7\u00e3o para o cliente com\u00a0<i><b>qualidade, alta disponibilidade e confiabilidade.<\/b><\/i><\/p>\t\t\t\t\t<\/div>\n\t\t\t\t\t\t<\/div>\n\t\t\t\t<\/div>\n\t\t\t\t\t\t<\/div>\n\t\t\t\t\t<\/div>\n\t\t<\/div>\n\t\t\t\t\t\t\t\t<\/div>\n\t\t\t\t\t<\/div>\n\t\t<\/section>\n\t\t\t\t<section class=\"elementor-section elementor-top-section elementor-element elementor-element-0dbcc6c elementor-section-full_width elementor-section-height-default elementor-section-height-default\" data-id=\"0dbcc6c\" data-element_type=\"section\">\n\t\t\t\t\t\t<div class=\"elementor-container elementor-column-gap-default\">\n\t\t\t\t\t\t\t<div class=\"elementor-row\">\n\t\t\t\t\t<div class=\"elementor-column elementor-col-100 elementor-top-column elementor-element elementor-element-21a6c6d\" data-id=\"21a6c6d\" data-element_type=\"column\">\n\t\t\t<div class=\"elementor-column-wrap elementor-element-populated\">\n\t\t\t\t\t\t\t<div class=\"elementor-widget-wrap\">\n\t\t\t\t\t\t<div class=\"elementor-element elementor-element-656c589 elementor-align-left elementor-widget elementor-widget-button\" data-id=\"656c589\" data-element_type=\"widget\" data-widget_type=\"button.default\">\n\t\t\t\t<div class=\"elementor-widget-container\">\n\t\t\t\t\t<div class=\"elementor-button-wrapper\">\n\t\t\t<a href=\"https:\/\/anydesk.com\/pt\/downloads\/windows\" class=\"elementor-button-link elementor-button elementor-size-lg elementor-animation-pulse-shrink\" role=\"button\">\n\t\t\t\t\t\t<span class=\"elementor-button-content-wrapper\">\n\t\t\t\t\t\t\t<span class=\"elementor-button-icon elementor-align-icon-left\">\n\t\t\t\t<i aria-hidden=\"true\" class=\"fas fa-download\"><\/i>\t\t\t<\/span>\n\t\t\t\t\t\t<span class=\"elementor-button-text\">Baixar AnyDesk<\/span>\n\t\t<\/span>\n\t\t\t\t\t<\/a>\n\t\t<\/div>\n\t\t\t\t<\/div>\n\t\t\t\t<\/div>\n\t\t\t\t<div class=\"elementor-element elementor-element-b02be80 elementor-align-left elementor-widget elementor-widget-button\" data-id=\"b02be80\" data-element_type=\"widget\" data-widget_type=\"button.default\">\n\t\t\t\t<div class=\"elementor-widget-container\">\n\t\t\t\t\t<div class=\"elementor-button-wrapper\">\n\t\t\t<a href=\"https:\/\/ativainternet.com.br\/contratos\/CONTRATO.DE.COMODATO.DE.EQUIPAMENTOS.pdf\" class=\"elementor-button-link elementor-button elementor-size-lg elementor-animation-pulse-shrink\" role=\"button\">\n\t\t\t\t\t\t<span class=\"elementor-button-content-wrapper\">\n\t\t\t\t\t\t\t<span class=\"elementor-button-icon elementor-align-icon-left\">\n\t\t\t\t<i aria-hidden=\"true\" class=\"fas fa-download\"><\/i>\t\t\t<\/span>\n\t\t\t\t\t\t<span class=\"elementor-button-text\">Contrato Comodato Equipamentos<\/span>\n\t\t<\/span>\n\t\t\t\t\t<\/a>\n\t\t<\/div>\n\t\t\t\t<\/div>\n\t\t\t\t<\/div>\n\t\t\t\t<div class=\"elementor-element elementor-element-18302ab elementor-align-left elementor-widget elementor-widget-button\" data-id=\"18302ab\" data-element_type=\"widget\" data-widget_type=\"button.default\">\n\t\t\t\t<div class=\"elementor-widget-container\">\n\t\t\t\t\t<div class=\"elementor-button-wrapper\">\n\t\t\t<a href=\"https:\/\/ativainternet.com.br\/contratos\/CONTRATO.DE.SCM.pdf\" class=\"elementor-button-link elementor-button elementor-size-lg elementor-animation-pulse-shrink\" role=\"button\">\n\t\t\t\t\t\t<span class=\"elementor-button-content-wrapper\">\n\t\t\t\t\t\t\t<span class=\"elementor-button-icon elementor-align-icon-left\">\n\t\t\t\t<i aria-hidden=\"true\" class=\"fas fa-download\"><\/i>\t\t\t<\/span>\n\t\t\t\t\t\t<span class=\"elementor-button-text\">Constrato de SCM<\/span>\n\t\t<\/span>\n\t\t\t\t\t<\/a>\n\t\t<\/div>\n\t\t\t\t<\/div>\n\t\t\t\t<\/div>\n\t\t\t\t\t\t<\/div>\n\t\t\t\t\t<\/div>\n\t\t<\/div>\n\t\t\t\t\t\t\t\t<\/div>\n\t\t\t\t\t<\/div>\n\t\t<\/section>\n\t\t\t\t\t\t\t\t\t<\/div>\n\t\t\t<\/div>\n\t\t\t\t\t<\/div>\n\t\t","protected":false},"excerpt":{"rendered":"<p>ATIVA TELECOM Desde 2002 a\u00a0Ativa Telecom\u00a0est\u00e1 no mercado de telecomunica\u00e7\u00f5es e vem evoluindo juntamente com as novas tecnologias. Iniciando no servi\u00e7o discado, passando pelo r\u00e1dio e<span class=\"excerpt-hellip\"> [\u2026]<\/span><\/p>\n","protected":false},"author":2,"featured_media":0,"parent":0,"menu_order":0,"comment_status":"closed","ping_status":"closed","template":"","meta":{"_joinchat":[],"footnotes":""},"class_list":["post-122","page","type-page","status-publish","hentry"],"yoast_head":"<!-- This site is optimized with the Yoast SEO plugin v24.6 - https:\/\/yoast.com\/wordpress\/plugins\/seo\/ -->\n<title>Downloads - Ativa Internet - Querencia\/MT<\/title>\n<meta name=\"robots\" content=\"index, follow, max-snippet:-1, max-image-preview:large, max-video-preview:-1\" \/>\n<link rel=\"canonical\" href=\"https:\/\/ativainternet.com.br\/novo\/?page_id=122\" \/>\n<meta property=\"og:locale\" content=\"pt_BR\" \/>\n<meta property=\"og:type\" content=\"article\" \/>\n<meta property=\"og:title\" content=\"Downloads - Ativa Internet - Querencia\/MT\" \/>\n<meta property=\"og:description\" content=\"ATIVA TELECOM Desde 2002 a\u00a0Ativa Telecom\u00a0est\u00e1 no mercado de telecomunica\u00e7\u00f5es e vem evoluindo juntamente com as novas tecnologias. Iniciando no servi\u00e7o discado, passando pelo r\u00e1dio e [\u2026]\" \/>\n<meta property=\"og:url\" content=\"https:\/\/ativainternet.com.br\/novo\/?page_id=122\" \/>\n<meta property=\"og:site_name\" content=\"Ativa Internet - Querencia\/MT\" \/>\n<meta property=\"article:modified_time\" content=\"2021-10-25T11:48:19+00:00\" \/>\n<meta name=\"twitter:card\" content=\"summary_large_image\" \/>\n<script type=\"application\/ld+json\" class=\"yoast-schema-graph\">{\"@context\":\"https:\/\/schema.org\",\"@graph\":[{\"@type\":\"WebPage\",\"@id\":\"https:\/\/ativainternet.com.br\/novo\/?page_id=122\",\"url\":\"https:\/\/ativainternet.com.br\/novo\/?page_id=122\",\"name\":\"Downloads - Ativa Internet - Querencia\/MT\",\"isPartOf\":{\"@id\":\"https:\/\/ativainternet.com.br\/novo\/#website\"},\"datePublished\":\"2020-08-26T20:35:42+00:00\",\"dateModified\":\"2021-10-25T11:48:19+00:00\",\"breadcrumb\":{\"@id\":\"https:\/\/ativainternet.com.br\/novo\/?page_id=122#breadcrumb\"},\"inLanguage\":\"pt-BR\",\"potentialAction\":[{\"@type\":\"ReadAction\",\"target\":[\"https:\/\/ativainternet.com.br\/novo\/?page_id=122\"]}]},{\"@type\":\"BreadcrumbList\",\"@id\":\"https:\/\/ativainternet.com.br\/novo\/?page_id=122#breadcrumb\",\"itemListElement\":[{\"@type\":\"ListItem\",\"position\":1,\"name\":\"In\u00edcio\",\"item\":\"https:\/\/ativainternet.com.br\/novo\/\"},{\"@type\":\"ListItem\",\"position\":2,\"name\":\"Downloads\"}]},{\"@type\":\"WebSite\",\"@id\":\"https:\/\/ativainternet.com.br\/novo\/#website\",\"url\":\"https:\/\/ativainternet.com.br\/novo\/\",\"name\":\"Ativa Internet - Querencia\/MT\",\"description\":\"Ativa Internet - Querencia\/MT\",\"publisher\":{\"@id\":\"https:\/\/ativainternet.com.br\/novo\/#organization\"},\"potentialAction\":[{\"@type\":\"SearchAction\",\"target\":{\"@type\":\"EntryPoint\",\"urlTemplate\":\"https:\/\/ativainternet.com.br\/novo\/?s={search_term_string}\"},\"query-input\":{\"@type\":\"PropertyValueSpecification\",\"valueRequired\":true,\"valueName\":\"search_term_string\"}}],\"inLanguage\":\"pt-BR\"},{\"@type\":\"Organization\",\"@id\":\"https:\/\/ativainternet.com.br\/novo\/#organization\",\"name\":\"Ativa Internet - Querencia\/MT\",\"url\":\"https:\/\/ativainternet.com.br\/novo\/\",\"logo\":{\"@type\":\"ImageObject\",\"inLanguage\":\"pt-BR\",\"@id\":\"https:\/\/ativainternet.com.br\/novo\/#\/schema\/logo\/image\/\",\"url\":\"https:\/\/ativainternet.com.br\/novo\/wp-content\/uploads\/2020\/09\/cropped-sac_logo.png\",\"contentUrl\":\"https:\/\/ativainternet.com.br\/novo\/wp-content\/uploads\/2020\/09\/cropped-sac_logo.png\",\"width\":174,\"height\":96,\"caption\":\"Ativa Internet - Querencia\/MT\"},\"image\":{\"@id\":\"https:\/\/ativainternet.com.br\/novo\/#\/schema\/logo\/image\/\"}}]}<\/script>\n<!-- \/ Yoast SEO plugin. -->","yoast_head_json":{"title":"Downloads - Ativa Internet - Querencia\/MT","robots":{"index":"index","follow":"follow","max-snippet":"max-snippet:-1","max-image-preview":"max-image-preview:large","max-video-preview":"max-video-preview:-1"},"canonical":"https:\/\/ativainternet.com.br\/novo\/?page_id=122","og_locale":"pt_BR","og_type":"article","og_title":"Downloads - Ativa Internet - Querencia\/MT","og_description":"ATIVA TELECOM Desde 2002 a\u00a0Ativa Telecom\u00a0est\u00e1 no mercado de telecomunica\u00e7\u00f5es e vem evoluindo juntamente com as novas tecnologias. Iniciando no servi\u00e7o discado, passando pelo r\u00e1dio e [\u2026]","og_url":"https:\/\/ativainternet.com.br\/novo\/?page_id=122","og_site_name":"Ativa Internet - Querencia\/MT","article_modified_time":"2021-10-25T11:48:19+00:00","twitter_card":"summary_large_image","schema":{"@context":"https:\/\/schema.org","@graph":[{"@type":"WebPage","@id":"https:\/\/ativainternet.com.br\/novo\/?page_id=122","url":"https:\/\/ativainternet.com.br\/novo\/?page_id=122","name":"Downloads - Ativa Internet - Querencia\/MT","isPartOf":{"@id":"https:\/\/ativainternet.com.br\/novo\/#website"},"datePublished":"2020-08-26T20:35:42+00:00","dateModified":"2021-10-25T11:48:19+00:00","breadcrumb":{"@id":"https:\/\/ativainternet.com.br\/novo\/?page_id=122#breadcrumb"},"inLanguage":"pt-BR","potentialAction":[{"@type":"ReadAction","target":["https:\/\/ativainternet.com.br\/novo\/?page_id=122"]}]},{"@type":"BreadcrumbList","@id":"https:\/\/ativainternet.com.br\/novo\/?page_id=122#breadcrumb","itemListElement":[{"@type":"ListItem","position":1,"name":"In\u00edcio","item":"https:\/\/ativainternet.com.br\/novo\/"},{"@type":"ListItem","position":2,"name":"Downloads"}]},{"@type":"WebSite","@id":"https:\/\/ativainternet.com.br\/novo\/#website","url":"https:\/\/ativainternet.com.br\/novo\/","name":"Ativa Internet - Querencia\/MT","description":"Ativa Internet - Querencia\/MT","publisher":{"@id":"https:\/\/ativainternet.com.br\/novo\/#organization"},"potentialAction":[{"@type":"SearchAction","target":{"@type":"EntryPoint","urlTemplate":"https:\/\/ativainternet.com.br\/novo\/?s={search_term_string}"},"query-input":{"@type":"PropertyValueSpecification","valueRequired":true,"valueName":"search_term_string"}}],"inLanguage":"pt-BR"},{"@type":"Organization","@id":"https:\/\/ativainternet.com.br\/novo\/#organization","name":"Ativa Internet - Querencia\/MT","url":"https:\/\/ativainternet.com.br\/novo\/","logo":{"@type":"ImageObject","inLanguage":"pt-BR","@id":"https:\/\/ativainternet.com.br\/novo\/#\/schema\/logo\/image\/","url":"https:\/\/ativainternet.com.br\/novo\/wp-content\/uploads\/2020\/09\/cropped-sac_logo.png","contentUrl":"https:\/\/ativainternet.com.br\/novo\/wp-content\/uploads\/2020\/09\/cropped-sac_logo.png","width":174,"height":96,"caption":"Ativa Internet - Querencia\/MT"},"image":{"@id":"https:\/\/ativainternet.com.br\/novo\/#\/schema\/logo\/image\/"}}]}},"_links":{"self":[{"href":"https:\/\/ativainternet.com.br\/novo\/index.php?rest_route=\/wp\/v2\/pages\/122","targetHints":{"allow":["GET"]}}],"collection":[{"href":"https:\/\/ativainternet.com.br\/novo\/index.php?rest_route=\/wp\/v2\/pages"}],"about":[{"href":"https:\/\/ativainternet.com.br\/novo\/index.php?rest_route=\/wp\/v2\/types\/page"}],"author":[{"embeddable":true,"href":"https:\/\/ativainternet.com.br\/novo\/index.php?rest_route=\/wp\/v2\/users\/2"}],"replies":[{"embeddable":true,"href":"https:\/\/ativainternet.com.br\/novo\/index.php?rest_route=%2Fwp%2Fv2%2Fcomments&post=122"}],"version-history":[{"count":9,"href":"https:\/\/ativainternet.com.br\/novo\/index.php?rest_route=\/wp\/v2\/pages\/122\/revisions"}],"predecessor-version":[{"id":293,"href":"https:\/\/ativainternet.com.br\/novo\/index.php?rest_route=\/wp\/v2\/pages\/122\/revisions\/293"}],"wp:attachment":[{"href":"https:\/\/ativainternet.com.br\/novo\/index.php?rest_route=%2Fwp%2Fv2%2Fmedia&parent=122"}],"curies":[{"name":"wp","href":"https:\/\/api.w.org\/{rel}","templated":true}]}}